{"id":1095,"date":"2008-02-07T12:59:39","date_gmt":"2008-02-07T10:59:39","guid":{"rendered":"http:\/\/www.albinz.de\/blog\/?page_id=1095"},"modified":"2010-12-14T08:44:59","modified_gmt":"2010-12-14T07:44:59","slug":"2008-40-jahre-jethro-tull","status":"publish","type":"page","link":"https:\/\/willizblog.de\/?page_id=1095","title":{"rendered":"2008: 40 Jahre Jethro Tull"},"content":{"rendered":"<p>Seit nun 40 Jahren turnen Ian Anderson und seine Jungs, bekannt als <a href=\"http:\/\/www.jethrotull.com\/\" target=\"_blank\">Jethro Tull<\/a>, \u00fcber die B\u00fchnen dieser Welt. Auch in diesem Jahr kommt die Gruppe nach Deutschland, u.a. am 1. Juni nach Hamburg in den Stadtpark (also ein Open Air-Konzert). In diesen vielen Jahren haben bis auf den Kopf der Band, Ian Anderson, die Musiker immer wieder gewechselt. Nur der Gitarrist Martin Barre ist seit Ende 1968 dabei, als Mick Abrahams, der Mitbegr\u00fcnder, die Band verlie\u00df und Tony Iommi nicht das hielt, was Ian Anderson sich zun\u00e4chst von ihm versprach.<\/p>\n<p>Es gibt viele Konzertaufzeichnungen (gerade auch von deutschen TV-Sender) von Jethro Tull, die teilweise auch als DVD erh\u00e4ltlich sind. Ich habe chronologisch die 40 Jahre verfolgend zu zwei kleinen Videos zusammengeschnitten (dabei mich auch im Internet, u.a. bei laufi.de und youtube bedient), die in knapp 20 Minuten einen Querschnitt \u00fcber Stil- und Musikerwechsel bieten, besonders aber aufzeigen, wie sich speziell ein Mann, n\u00e4mlich Ian Anderson, in diesen 40 Jahre ver\u00e4ndert hat. Hier nun (bei youtube eingestellt) eine musikalische Zeitreise in zwei Teilen (Teil 1: 1968 \u2013 1985 \u2013 Teil 2: 1986 \u2013 2007):<\/p>\n<p><object width=\"480\" height=\"385\"><param name=\"movie\" value=\"https:\/\/www.youtube.com\/p\/07435FF06AA5B8D9?hl=de_DE&#038;fs=1\"><\/param><param name=\"allowFullScreen\" value=\"true\"><\/param><param name=\"allowscriptaccess\" value=\"always\"><\/param><embed src=\"https:\/\/www.youtube.com\/p\/07435FF06AA5B8D9?hl=de_DE&#038;fs=1\" type=\"application\/x-shockwave-flash\" width=\"480\" height=\"385\" allowscriptaccess=\"always\" allowfullscreen=\"true\"><\/embed><\/object><br \/>\n<strong><em>40 Jahre Jethro Tull in zwei Teilen<\/em><\/strong><\/p>\n","protected":false},"excerpt":{"rendered":"<p>Seit nun 40 Jahren turnen Ian Anderson und seine Jungs, bekannt als Jethro Tull, \u00fcber die B\u00fchnen dieser Welt. Auch in diesem Jahr kommt die Gruppe nach Deutschland, u.a. am 1. Juni nach Hamburg in den Stadtpark (also ein Open Air-Konzert). In diesen vielen Jahren haben bis auf den Kopf der Band, Ian Anderson, die &hellip; <a href=\"https:\/\/willizblog.de\/?page_id=1095\" class=\"more-link\"><span class=\"screen-reader-text\">2008: 40 Jahre Jethro Tull<\/span> weiterlesen <span class=\"meta-nav\">&rarr;<\/span><\/a><\/p>\n","protected":false},"author":1,"featured_media":0,"parent":0,"menu_order":0,"comment_status":"open","ping_status":"closed","template":"","meta":[],"_links":{"self":[{"href":"https:\/\/willizblog.de\/index.php?rest_route=\/wp\/v2\/pages\/1095"}],"collection":[{"href":"https:\/\/willizblog.de\/index.php?rest_route=\/wp\/v2\/pages"}],"about":[{"href":"https:\/\/willizblog.de\/index.php?rest_route=\/wp\/v2\/types\/page"}],"author":[{"embeddable":true,"href":"https:\/\/willizblog.de\/index.php?rest_route=\/wp\/v2\/users\/1"}],"replies":[{"embeddable":true,"href":"https:\/\/willizblog.de\/index.php?rest_route=%2Fwp%2Fv2%2Fcomments&post=1095"}],"version-history":[{"count":0,"href":"https:\/\/willizblog.de\/index.php?rest_route=\/wp\/v2\/pages\/1095\/revisions"}],"wp:attachment":[{"href":"https:\/\/willizblog.de\/index.php?rest_route=%2Fwp%2Fv2%2Fmedia&parent=1095"}],"curies":[{"name":"wp","href":"https:\/\/api.w.org\/{rel}","templated":true}]}}