{"id":747,"date":"2007-02-01T11:17:22","date_gmt":"2007-02-01T09:17:22","guid":{"rendered":"http:\/\/www.albinz.de\/blog\/?page_id=747"},"modified":"2019-09-12T12:11:20","modified_gmt":"2019-09-12T12:11:20","slug":"williz-videoz","status":"publish","type":"page","link":"https:\/\/willizblog.de\/?page_id=747","title":{"rendered":"WilliZ VideoZ"},"content":{"rendered":"<p>\u00a0<\/p>\n<table border=\"0\" cellspacing=\"0\" width=\"100%\">\n<tr>\n<td width=\"100%\" colspan=\"2\" align=\"center\" bgcolor=\"#008080\"><b><font face=\"Lucida Grande, Lucida Sans Unicode, Verdana, sans-serif\" color=\"#FFCC66\">WilliZ VideoZ<\/font><\/b><\/td>\n<\/tr>\n<tr>\n<td width=\"50%\" align=\"center\"><img loading=\"lazy\" border=\"0\" src=\"https:\/\/www.albinz.net\/models\/youtube.gif\" alt=\"WilliZ @ youtube.com\" width=\"123\" height=\"63\"><\/td>\n<td width=\"50%\" align=\"center\"><\/td>\n<\/tr>\n<tr>\n<td width=\"50%\" align=\"center\"><img loading=\"lazy\" border=\"0\" src=\"https:\/\/www.willizblog.de\/blogpicts\/williz_bei_youtube256.gif\" alt=\"WilliZBlog bei youtube\" width=\"130\" height=\"96\"><br \/>\n<font face=\"Lucida Grande, Lucida Sans Unicode, Verdana, sans-serif\" size=\"2\"><a href=\"http:\/\/de.youtube.com\/WilliZBlog\" target=\"_blank\" rel=\"noopener noreferrer\">WilliZBlog bei youtube<\/a><\/font><\/td>\n<td width=\"50%\" align=\"center\"> <\/td>\n<\/tr>\n<tr>\n<td width=\"50%\" align=\"center\"><img loading=\"lazy\" border=\"0\" src=\"https:\/\/www.willizblog.de\/blogpicts\/albinz_bei_youtube128.gif\" alt=\"AlbinZVideoZ bei youtube\" width=\"130\" height=\"96\"><br \/>\n<font face=\"Lucida Grande, Lucida Sans Unicode, Verdana, sans-serif\" size=\"2\"><a href=\"http:\/\/de.youtube.com\/albinzvideoz\" target=\"_blank\" rel=\"noopener noreferrer\">AlbinZVideoZ bei youtube<\/a><\/font><\/td>\n<td width=\"50%\" align=\"center\"><font face=\"Lucida Grande, Lucida Sans Unicode, Verdana, sans-serif\" size=\"2\">WilliZ @ myvideo.de &#8211; potztausend, da bin ich vom Acker gemacht worden &#8230;<\/font><\/td>\n<\/tr>\n<tr>\n<td width=\"50%\" align=\"center\"><img loading=\"lazy\" border=\"0\" src=\"https:\/\/www.willizblog.de\/blogpicts\/deadpantz_bei_youtube16.gif\" alt=\"DeadPantZ bei youtube\" width=\"130\" height=\"96\"><br \/>\n<font face=\"Lucida Grande, Lucida Sans Unicode, Verdana, sans-serif\" size=\"2\"><a href=\"http:\/\/de.youtube.com\/DeadPantZ\" target=\"_blank\" rel=\"noopener noreferrer\">DeadPantZ bei youtube<\/a><\/font><\/td>\n<td width=\"50%\" align=\"center\"><\/td>\n<\/tr>\n<\/table>\n<p>\nInzwischen hat es sich wohl herumgesprochen, dass es so genannte Video-Portale gibt (youtube.com, myvideo.de usw.), bei denen man kostenlos seine Videos einstellen kann. Nat\u00fcrlich habe auch ich das genutzt. \u00dcber die obrigen Text-Links kommt ihr gleich auf die entsprechende \u00dcbersicht meiner Videos. Viel Spa\u00df beim Gucken!<\/p>\n<table border=\"0\" cellpadding=\"2\" cellspacing=\"0\" width=\"100%\">\n<tr>\n<td width=\"100%\"><font color=\"#FFFFFF\">xxx<\/font><\/td>\n<\/tr>\n<\/table>\n<p><!-- ++Begin Video Bar Wizard Generated Code++ --><br \/>\n  <!--\n  \/\/ Created with a Google AJAX Search Wizard\n  \/\/ http:\/\/code.google.com\/apis\/ajaxsearch\/wizards.html\n  --><\/p>\n<p>  <!--\n  \/\/ The Following div element will end up holding the actual videobar.\n  \/\/ You can place this anywhere on your page.\n  --><\/p>\n<div id=\"videoBar-bar\">\n    <span style=\"color:#676767;font-size:11px;margin:10px;padding:4px;\">Loading&#8230;<\/span>\n  <\/div>\n<p>  <!-- Ajax Search Api and Stylesheet\n  \/\/ Note: If you are already using the AJAX Search API, then do not include it\n  \/\/       or its stylesheet again\n  --><br \/>\n  <script src=\"http:\/\/www.google.com\/uds\/api?file=uds.js&#038;v=1.0&#038;source=uds-vbw\"\n    type=\"text\/javascript\"><\/script><\/p>\n<style type=\"text\/css\">\n    @import url(\"http:\/\/www.google.com\/uds\/css\/gsearch.css\");\n  <\/style>\n<p>  <!-- Video Bar Code and Stylesheet --><br \/>\n  <script type=\"text\/javascript\">\n    window._uds_vbw_donotrepair = true;\n  <\/script><br \/>\n  <script src=\"http:\/\/www.google.com\/uds\/solutions\/videobar\/gsvideobar.js?mode=new\"\n    type=\"text\/javascript\"><\/script><\/p>\n<style type=\"text\/css\">\n    @import url(\"http:\/\/www.google.com\/uds\/solutions\/videobar\/gsvideobar.css\");\n  <\/style>\n<style type=\"text\/css\">\n    .playerInnerBox_gsvb .player_gsvb {\n      width : 320px;\n      height : 260px;\n    }\n  <\/style>\n<p>  <script type=\"text\/javascript\">\n    function LoadVideoBar() {<\/p>\n<p>    var videoBar;\n    var options = {\n        largeResultSet : !true,\n        horizontal : true,\n        autoExecuteList : {\n          cycleTime : GSvideoBar.CYCLE_TIME_MEDIUM,\n          cycleMode : GSvideoBar.CYCLE_MODE_LINEAR,\n          executeList : [\"ytchannel:joanandtull\",\"ytchannel:albinzvideoz\"]\n        }\n      }<\/p>\n<p>    videoBar = new GSvideoBar(document.getElementById(\"videoBar-bar\"),\n                              GSvideoBar.PLAYER_ROOT_FLOATING,\n                              options);\n    }\n    \/\/ arrange for this function to be called during body.onload\n    \/\/ event processing\n    GSearch.setOnLoadCallback(LoadVideoBar);\n  <\/script><br \/>\n<!-- ++End Video Bar Wizard Generated Code++ --><\/p>\n","protected":false},"excerpt":{"rendered":"<p>\u00a0 WilliZ VideoZ WilliZBlog bei youtube AlbinZVideoZ bei youtube WilliZ @ myvideo.de &#8211; potztausend, da bin ich vom Acker gemacht worden &#8230; DeadPantZ bei youtube Inzwischen hat es sich wohl herumgesprochen, dass es so genannte Video-Portale gibt (youtube.com, myvideo.de usw.), bei denen man kostenlos seine Videos einstellen kann. Nat\u00fcrlich habe auch ich das genutzt. \u00dcber &hellip; <a href=\"https:\/\/willizblog.de\/?page_id=747\" class=\"more-link\"><span class=\"screen-reader-text\">WilliZ VideoZ<\/span> weiterlesen <span class=\"meta-nav\">&rarr;<\/span><\/a><\/p>\n","protected":false},"author":1,"featured_media":0,"parent":0,"menu_order":0,"comment_status":"closed","ping_status":"closed","template":"","meta":[],"_links":{"self":[{"href":"https:\/\/willizblog.de\/index.php?rest_route=\/wp\/v2\/pages\/747"}],"collection":[{"href":"https:\/\/willizblog.de\/index.php?rest_route=\/wp\/v2\/pages"}],"about":[{"href":"https:\/\/willizblog.de\/index.php?rest_route=\/wp\/v2\/types\/page"}],"author":[{"embeddable":true,"href":"https:\/\/willizblog.de\/index.php?rest_route=\/wp\/v2\/users\/1"}],"replies":[{"embeddable":true,"href":"https:\/\/willizblog.de\/index.php?rest_route=%2Fwp%2Fv2%2Fcomments&post=747"}],"version-history":[{"count":0,"href":"https:\/\/willizblog.de\/index.php?rest_route=\/wp\/v2\/pages\/747\/revisions"}],"wp:attachment":[{"href":"https:\/\/willizblog.de\/index.php?rest_route=%2Fwp%2Fv2%2Fmedia&parent=747"}],"curies":[{"name":"wp","href":"https:\/\/api.w.org\/{rel}","templated":true}]}}